{"id":97,"date":"2022-03-25T20:18:13","date_gmt":"2022-03-25T20:18:13","guid":{"rendered":"https:\/\/alquileres.soprosol.com\/?page_id=97"},"modified":"2022-10-25T21:34:17","modified_gmt":"2022-10-25T21:34:17","slug":"terminos-y-condiciones","status":"publish","type":"page","link":"https:\/\/alquileres.soprosol.com\/index.php\/terminos-y-condiciones\/","title":{"rendered":"Terminos y Condiciones"},"content":{"rendered":"\n<figure class=\"wp-block-image size-large\"><img loading=\"lazy\" decoding=\"async\" width=\"1024\" height=\"410\" src=\"https:\/\/alquileres.soprosol.com\/wp-content\/uploads\/2022\/10\/fondo-1024x410.jpg\" alt=\"\" class=\"wp-image-118\" srcset=\"https:\/\/alquileres.soprosol.com\/wp-content\/uploads\/2022\/10\/fondo-1024x410.jpg 1024w, https:\/\/alquileres.soprosol.com\/wp-content\/uploads\/2022\/10\/fondo-300x120.jpg 300w, https:\/\/alquileres.soprosol.com\/wp-content\/uploads\/2022\/10\/fondo-768x307.jpg 768w, https:\/\/alquileres.soprosol.com\/wp-content\/uploads\/2022\/10\/fondo-1536x614.jpg 1536w, https:\/\/alquileres.soprosol.com\/wp-content\/uploads\/2022\/10\/fondo-600x240.jpg 600w, https:\/\/alquileres.soprosol.com\/wp-content\/uploads\/2022\/10\/fondo.jpg 1800w\" sizes=\"auto, (max-width: 1024px) 100vw, 1024px\" \/><\/figure>\n\n\n\n<h2 class=\"has-black-color has-text-color wp-block-heading\"><strong>T\u00e9rminos y condiciones del servicio<\/strong><\/h2>\n\n\n\n<p class=\"has-black-color has-text-color\">Al aceptar estas Condiciones del servicio, el cliente declara que es mayor de edad en el Estado Plurinacional de Bolivia y que utiliza este sitio por decisi\u00f3n propia.<\/p>\n\n\n\n<p class=\"has-black-color has-text-color\">Esta p\u00e1gina web<a href=\"http:\/\/alquileres,soprosol.com\" title=\"\u00a0alquileres.soprosol.com\">\u00a0alquileres.soprosol.com<\/a>. es propiedad y est\u00e1 operada por <a href=\"https:\/\/soprosol.com\/\" title=\"Soprosol S.R.L.\">Soprosol S.R.L.<\/a> Estos T\u00e9rminos establecen las condiciones bajo las cuales\u00a0el cliente puede hacer uso de nuestra p\u00e1gina web, y servicios o productos ofrecidos por nosotros. Esta p\u00e1gina web ofrece a los visitantes asesoramiento para el alquiler de maquinaria pesada en La Paz, Bolivia. Al acceder o usar la p\u00e1gina web de nuestro servicio, usted aprueba que a le\u00eddo, entendido y aceptado estar sujeto a estos t\u00e9rminos.<\/p>\n\n\n\n<p class=\"has-black-color has-text-color\"><strong>Pol\u00edtica de privacidad<\/strong><\/p>\n\n\n\n<p class=\"has-black-color has-text-color\">Trataremos toda su informaci\u00f3n de forma confidencial, y solamente la utilizaremos de acuerdo con nuestra Pol\u00edtica de privacidad.<\/p>\n\n\n\n<p class=\"has-black-color has-text-color\">Cuando usted reserve en este Sitio Web, le solicitaremos que incluya sus datos personales para poder identificarle, tales como su nombre, n\u00famero telef\u00f3nico, direcci\u00f3n de correo electr\u00f3nico, datos para la facturaci\u00f3n, direcci\u00f3n de entrega, tarjeta de cr\u00e9dito u otra informaci\u00f3n de pago. Esta informaci\u00f3n ser\u00e1 de uso exclusivo de la empresa y no ser\u00e1 transmitida a terceros.<\/p>\n\n\n\n<p class=\"has-black-color has-text-color\"><strong>Precio y pago<\/strong><\/p>\n\n\n\n<p class=\"has-black-color has-text-color\"><em>Al reservar un art\u00edculo, el cliente acepta que es responsable de leer las caracter\u00edsticas de nuestros servicios, antes de confirmar su pedido.<\/em><\/p>\n\n\n\n<p class=\"has-black-color has-text-color\">Todos los precios que se muestran en el Sitio Web, incluyen impuestos de ley y son correctos en el momento en que son introducidos en el sistema. No obstante, nos reservamos el derecho de cambiar los precios en cualquier momento sin previo aviso.<\/p>\n\n\n\n<p class=\"has-black-color has-text-color\"><strong>Requisitos<\/strong><\/p>\n\n\n\n<p class=\"has-black-color has-text-color\">El Cliente acepta que es responsable de cumplir con los siguientes requisitos, para optar por nuestros servicios.<\/p>\n\n\n\n<p class=\"has-black-color has-text-color\">1.-&nbsp; Documento de identidad<\/p>\n\n\n\n<p class=\"has-black-color has-text-color\">2.-&nbsp; 100% del pago del servicio anticipado&nbsp;<\/p>\n\n\n\n<p class=\"has-black-color has-text-color\"><strong>Condiciones<\/strong><\/p>\n\n\n\n<p class=\"has-black-color has-text-color\">El Cliente Acepta las siguientes condiciones del Servicio<\/p>\n\n\n\n<p class=\"has-black-color has-text-color\">1.- Las reservas se realizan con 3 d\u00edas de anticipaci\u00f3n, m\u00e1s los requisitos.&nbsp;<\/p>\n\n\n\n<p class=\"has-black-color has-text-color\">2.- en caso de anular la reserva, se le cobrar\u00e1 el valor del 10% del servicio de acuerdo a la categor\u00eda del veh\u00edculo.<\/p>\n\n\n\n<p class=\"has-black-color has-text-color\">3.- Una vez estipulada la tarifa en el contrato no se puede modificar.<\/p>\n\n\n\n<p class=\"has-black-color has-text-color\">4.- la tarifa del veh\u00edculo contempla 15 hrs, el valor de la hora extra es \u2155 de la diaria; pasada la 8va hora extra; es un dia adicional.<\/p>\n\n\n\n<p class=\"has-black-color has-text-color\"><strong>Devoluci\u00f3n o cambio<\/strong><\/p>\n\n\n\n<p class=\"has-black-color has-text-color\">En <a href=\"https:\/\/alquileres.soprosol.com\/index.php\/terminos-y-condiciones\/\" title=\"alquileres.soprosol.com\">alquileres.soprosol.com<\/a> est\u00e1n permitidas las devoluciones, bajo ciertas condiciones:<\/p>\n\n\n\n<p class=\"has-black-color has-text-color\"><strong><em>Devoluci\u00f3n o cambio del servicio<\/em><\/strong><\/p>\n\n\n\n<p class=\"has-black-color has-text-color\">Se procede con el cambio o devoluci\u00f3n, en caso de que el cliente haya cambiado de opini\u00f3n con respecto al modelo, u otras caracter\u00edsticas del servicio. <\/p>\n\n\n\n<p class=\"has-black-color has-text-color\">Se podr\u00e1 realizar el cambio o devoluci\u00f3n del servicio durante el proceso de confirmaci\u00f3n y verificaci\u00f3n del pedido, en un plazo m\u00e1ximo de 24 horas. El asesor de ventas asignado, deber\u00e1 dar el visto bueno para proceder con la devoluci\u00f3n del dinero al cliente.<\/p>\n\n\n\n<p class=\"has-black-color has-text-color\"><strong><em>Devoluci\u00f3n del pago al cliente<\/em><\/strong><\/p>\n\n\n\n<p class=\"has-black-color has-text-color\">La devoluci\u00f3n del pago al cliente, se realizar\u00e1 previo visto bueno del encargado de ventas asignado.<\/p>\n\n\n\n<p class=\"has-black-color has-text-color\">El reembolso se realizar\u00e1 de la misma manera en que haya sido realizado el pago, sea por tarjeta, transferencia u otros. (Excepto gastos de env\u00edo pagados por el pedido y comisiones por transacciones 3%).<\/p>\n\n\n\n<p class=\"has-black-color has-text-color\">En el caso de que la factura haya sido emitida el mismo mes y a\u00f1o en el que se procede con la devoluci\u00f3n, se reembolsar\u00e1 el monto total, descontando las comisiones por transacciones. En el caso de que la factura se encuentre fuera del mes de la devoluci\u00f3n, al importe se restar\u00e1n los impuestos por ley y comisiones de transacci\u00f3n.<\/p>\n\n\n\n<p class=\"has-black-color has-text-color\"><strong>Entregas<\/strong><\/p>\n\n\n\n<p class=\"has-black-color has-text-color\"><strong><em>Horario de Entrega<\/em><\/strong><\/p>\n\n\n\n<p class=\"has-black-color has-text-color\">El cliente debe asegurarse que el horario y lugar sea el correcto, en la fecha y rango de hora establecido para su entrega. Soprosol S.R.L. Contar\u00e1 las horas de servicio a partir de la hora de espera establecida. Recuerde que la entrega es hasta la puerta de casa o puerta del edificio. aeropuerto o terminal de buses.\u00a0<\/p>\n\n\n\n<p class=\"has-black-color has-text-color\"><strong>T\u00e9rminos del Servicio<\/strong><\/p>\n\n\n\n<p class=\"has-black-color has-text-color\">Al realizar la adquisici\u00f3n del servicio, el cliente est\u00e1 declarando la veracidad y verificaci\u00f3n de los datos brindados, tales como ciudad, direcci\u00f3n exacta para la entrega, nombre y n\u00famero telef\u00f3nico,as\u00ed como datos para la facturaci\u00f3n, etc.<\/p>\n\n\n\n<p class=\"has-black-color has-text-color\">Si alguno de estos no corresponde o existe contradicci\u00f3n, el pedido podr\u00e1 ser observado y reformulado, en coordinaci\u00f3n con el cliente.<\/p>\n\n\n\n<p class=\"has-black-color has-text-color\"><strong>Datos importantes<\/strong><\/p>\n\n\n\n<ul class=\"has-black-color has-text-color wp-block-list\"><li>Un asesor de ventas se contactar\u00e1 con usted en menos de 24 horas (d\u00edas h\u00e1biles) para confirmar el servicio y fecha de entrega.<\/li><li>Revisar que todos los datos ingresados sean los correctos para poder gestionar tu pedido cuanto antes.<\/li><li>El cliente declara la veracidad y verificaci\u00f3n de los datos brindados.<\/li><\/ul>\n\n\n\n<p class=\"has-black-color has-text-color\">Tomar en cuenta despu\u00e9s de realizar su pedido por la p\u00e1gina web, se proceder\u00e1 a verificar la disponibilidad correspondiente, ya que este puede variar debido a que existen diferentes canales de distribuci\u00f3n, un ejecutivo de venta se comunicar\u00e1 con usted en menos de 24 horas para darle informaci\u00f3n al respecto.<\/p>\n","protected":false},"excerpt":{"rendered":"<p>T\u00e9rminos y condiciones del servicio Al aceptar estas Condiciones del servicio, el cliente declara que es mayor de edad en el Estado Plurinacional de Bolivia y que utiliza este sitio por decisi\u00f3n propia. Esta p\u00e1gina web\u00a0alquileres.soprosol.com. es propiedad y est\u00e1 operada por Soprosol S.R.L. Estos T\u00e9rminos establecen las condiciones bajo las cuales\u00a0el cliente puede hacer [&hellip;]<\/p>\n","protected":false},"author":1,"featured_media":0,"parent":0,"menu_order":0,"comment_status":"closed","ping_status":"closed","template":"","meta":{"om_disable_all_campaigns":false,"_monsterinsights_skip_tracking":false,"_monsterinsights_sitenote_active":false,"_monsterinsights_sitenote_note":"","_monsterinsights_sitenote_category":0,"footnotes":""},"class_list":["post-97","page","type-page","status-publish","hentry"],"_links":{"self":[{"href":"https:\/\/alquileres.soprosol.com\/index.php\/wp-json\/wp\/v2\/pages\/97","targetHints":{"allow":["GET"]}}],"collection":[{"href":"https:\/\/alquileres.soprosol.com\/index.php\/wp-json\/wp\/v2\/pages"}],"about":[{"href":"https:\/\/alquileres.soprosol.com\/index.php\/wp-json\/wp\/v2\/types\/page"}],"author":[{"embeddable":true,"href":"https:\/\/alquileres.soprosol.com\/index.php\/wp-json\/wp\/v2\/users\/1"}],"replies":[{"embeddable":true,"href":"https:\/\/alquileres.soprosol.com\/index.php\/wp-json\/wp\/v2\/comments?post=97"}],"version-history":[{"count":7,"href":"https:\/\/alquileres.soprosol.com\/index.php\/wp-json\/wp\/v2\/pages\/97\/revisions"}],"predecessor-version":[{"id":122,"href":"https:\/\/alquileres.soprosol.com\/index.php\/wp-json\/wp\/v2\/pages\/97\/revisions\/122"}],"wp:attachment":[{"href":"https:\/\/alquileres.soprosol.com\/index.php\/wp-json\/wp\/v2\/media?parent=97"}],"curies":[{"name":"wp","href":"https:\/\/api.w.org\/{rel}","templated":true}]}}